{"id":2309,"date":"2022-04-20T19:08:55","date_gmt":"2022-04-20T17:08:55","guid":{"rendered":"https:\/\/www.menorcayachts.com\/serveis\/"},"modified":"2022-05-30T15:45:43","modified_gmt":"2022-05-30T13:45:43","slug":"serveis","status":"publish","type":"page","link":"https:\/\/www.menorcayachts.com\/ca\/serveis\/","title":{"rendered":"Serveis"},"content":{"rendered":"\t\t<div data-elementor-type=\"wp-page\" data-elementor-id=\"2309\" class=\"elementor elementor-2309 elementor-69\" data-elementor-post-type=\"page\">\n\t\t\t\t\t\t<section class=\"elementor-section elementor-top-section elementor-element elementor-element-24034a59 elementor-section-height-min-height elementor-section-items-top elementor-section-content-top elementor-section-full_width elementor-section-stretched elementor-section-height-default\" data-id=\"24034a59\" data-element_type=\"section\" data-e-type=\"section\" data-settings=\"{&quot;stretch_section&quot;:&quot;section-stretched&quot;}\">\n\t\t\t\t\t\t<div class=\"elementor-container elementor-column-gap-no\">\n\t\t\t\t\t<div class=\"elementor-column elementor-col-100 elementor-top-column elementor-element elementor-element-416a6488\" data-id=\"416a6488\" data-element_type=\"column\" data-e-type=\"column\">\n\t\t\t<div class=\"elementor-widget-wrap elementor-element-populated\">\n\t\t\t\t\t\t<section class=\"elementor-section elementor-inner-section elementor-element elementor-element-bbd213a animated-slow elementor-section-boxed elementor-section-height-default elementor-section-height-default elementor-invisible\" data-id=\"bbd213a\" data-element_type=\"section\" data-e-type=\"section\" data-settings=\"{&quot;animation&quot;:&quot;fadeIn&quot;,&quot;animation_delay&quot;:6000}\">\n\t\t\t\t\t\t<div class=\"elementor-container elementor-column-gap-default\">\n\t\t\t\t\t<div class=\"elementor-column elementor-col-100 elementor-inner-column elementor-element elementor-element-9f3b6a0\" data-id=\"9f3b6a0\" data-element_type=\"column\" data-e-type=\"column\">\n\t\t\t<div class=\"elementor-widget-wrap elementor-element-populated\">\n\t\t\t\t\t\t<div class=\"elementor-element elementor-element-1dfb134 elementor-arrows-position-inside elementor-pagination-position-outside elementor-widget elementor-widget-image-carousel\" data-id=\"1dfb134\" data-element_type=\"widget\" data-e-type=\"widget\" data-settings=\"{&quot;slides_to_show&quot;:&quot;1&quot;,&quot;autoplay&quot;:&quot;no&quot;,&quot;effect&quot;:&quot;fade&quot;,&quot;speed&quot;:1001,&quot;navigation&quot;:&quot;both&quot;,&quot;infinite&quot;:&quot;yes&quot;}\" data-widget_type=\"image-carousel.default\">\n\t\t\t\t<div class=\"elementor-widget-container\">\n\t\t\t\t\t\t\t<div class=\"elementor-image-carousel-wrapper swiper\" role=\"region\" aria-roledescription=\"carousel\" aria-label=\"Carrusel d&#039;imatges\" dir=\"ltr\">\n\t\t\t<div class=\"elementor-image-carousel swiper-wrapper swiper-image-stretch\" aria-live=\"polite\">\n\t\t\t\t\t\t\t\t<div class=\"swiper-slide\" role=\"group\" aria-roledescription=\"slide\" aria-label=\"1 de 2\"><figure class=\"swiper-slide-inner\"><img decoding=\"async\" class=\"swiper-slide-image\" src=\"https:\/\/www.menorcayachts.com\/wp-content\/uploads\/2022\/04\/93.jpg\" alt=\"93\" \/><\/figure><\/div><div class=\"swiper-slide\" role=\"group\" aria-roledescription=\"slide\" aria-label=\"2 de 2\"><figure class=\"swiper-slide-inner\"><img decoding=\"async\" class=\"swiper-slide-image\" src=\"https:\/\/www.menorcayachts.com\/wp-content\/uploads\/2022\/04\/slideimage.jpg\" alt=\"slideimage\" \/><\/figure><\/div>\t\t\t<\/div>\n\t\t\t\t\t\t\t\t\t\t\t\t<div class=\"elementor-swiper-button elementor-swiper-button-prev\" role=\"button\" tabindex=\"0\">\n\t\t\t\t\t\t<i aria-hidden=\"true\" class=\"eicon-chevron-left\"><\/i>\t\t\t\t\t<\/div>\n\t\t\t\t\t<div class=\"elementor-swiper-button elementor-swiper-button-next\" role=\"button\" tabindex=\"0\">\n\t\t\t\t\t\t<i aria-hidden=\"true\" class=\"eicon-chevron-right\"><\/i>\t\t\t\t\t<\/div>\n\t\t\t\t\n\t\t\t\t\t\t\t\t\t<div class=\"swiper-pagination\"><\/div>\n\t\t\t\t\t\t\t\t\t<\/div>\n\t\t\t\t\t\t<\/div>\n\t\t\t\t<\/div>\n\t\t\t\t<div class=\"elementor-element elementor-element-4a60bb2 elementor-widget elementor-widget-text-editor\" data-id=\"4a60bb2\" data-element_type=\"widget\" data-e-type=\"widget\" data-widget_type=\"text-editor.default\">\n\t\t\t\t<div class=\"elementor-widget-container\">\n\t\t\t\t\t\t\t\t\t<p>A Menorca Yachts cuidem la teva embarcaci\u00f3 com si fos nostra. La traiem de l&#8217;aigua quan s&#8217;acaba la temporada. La netegem a fons, realitzem una revisi\u00f3 completa i totes les tasques de manteniment necess\u00e0ries abans de deixar-la perfectament coberta i guardada a la nostra nau de Sant Llu\u00eds. La tornem a revisar quan ens avises que la voldr\u00e0s de nou a l&#8217;aigua. I tornada al principi sense sorpreses desagradables d&#8217;\u00faltima hora.<\/p>\n<p>Disposem de tots els serveis necessaris per a la teva embarcaci\u00f3, com mec\u00e0nica, electr\u00f2nica, pintura, reparacions de fibra i fins i tot tamb\u00e9 comptem amb un servei de tapisseria propi del que s\u2019encarrega la Carol, la dona del David, i que ens assegura la confian\u00e7a d\u2019una feina ben acabada.<\/p>\t\t\t\t\t\t\t\t<\/div>\n\t\t\t\t<\/div>\n\t\t\t\t<div class=\"elementor-element elementor-element-cc21de7 elementor-widget elementor-widget-heading\" data-id=\"cc21de7\" data-element_type=\"widget\" data-e-type=\"widget\" data-widget_type=\"heading.default\">\n\t\t\t\t<div class=\"elementor-widget-container\">\n\t\t\t\t\t<h2 class=\"elementor-heading-title elementor-size-default\">Mec\u00e0nica + Manteniment + Pupil\u00b7latge + Tapisseria<\/h2>\t\t\t\t<\/div>\n\t\t\t\t<\/div>\n\t\t\t\t\t<\/div>\n\t\t<\/div>\n\t\t\t\t\t<\/div>\n\t\t<\/section>\n\t\t\t\t<div class=\"elementor-element elementor-element-155404c elementor-widget elementor-widget-slider_revolution\" data-id=\"155404c\" data-element_type=\"widget\" data-e-type=\"widget\" data-widget_type=\"slider_revolution.default\">\n\t\t\t\t<div class=\"elementor-widget-container\">\n\t\t\t\t\t\n\t\t<div class=\"wp-block-themepunch-revslider\">\n\t\t\t<!-- START Servicios REVOLUTION SLIDER 6.7.25 --><p class=\"rs-p-wp-fix\"><\/p>\n\t\t\t<rs-module-wrap id=\"rev_slider_6_1_wrapper\" data-source=\"gallery\" style=\"visibility:hidden;background:transparent;padding:0;margin:0px auto;margin-top:0;margin-bottom:0;\">\n\t\t\t\t<rs-module id=\"rev_slider_6_1\" style=\"\" data-version=\"6.7.25\">\n\t\t\t\t\t<rs-slides style=\"overflow: hidden; position: absolute;\">\n\t\t\t\t\t\t<rs-slide style=\"position: absolute;\" data-key=\"rs-10\" data-title=\"Slide\" data-anim=\"adpr:false;\" data-in=\"o:0;\" data-out=\"a:false;\">\n\t\t\t\t\t\t\t<img decoding=\"async\" src=\"\/\/www.menorcayachts.com\/wp-content\/plugins\/revslider\/sr6\/assets\/assets\/dummy.png\" alt=\"Slide\" title=\"Serveis\" class=\"rev-slidebg tp-rs-img rs-lazyload\" data-lazyload=\"\/\/www.menorcayachts.com\/wp-content\/plugins\/revslider\/sr6\/assets\/assets\/transparent.png\" data-no-retina>\n<!--\n\t\t\t\t\t\t\t--><rs-layer\n\t\t\t\t\t\t\t\tid=\"slider-6-slide-10-layer-0\" \n\t\t\t\t\t\t\t\tdata-type=\"image\"\n\t\t\t\t\t\t\t\tdata-rsp_ch=\"on\"\n\t\t\t\t\t\t\t\tdata-xy=\"xo:80px,80px,80px,66px;yo:90px,90px,90px,298px;\"\n\t\t\t\t\t\t\t\tdata-text=\"w:normal;s:20,20,20,7;l:0,0,0,9;\"\n\t\t\t\t\t\t\t\tdata-dim=\"w:1720px,1720px,1720px,665px;h:438px,438px,438px,169px;\"\n\t\t\t\t\t\t\t\tdata-frame_0=\"x:right;o:1;\"\n\t\t\t\t\t\t\t\tdata-frame_1=\"e:default;sp:3000;\"\n\t\t\t\t\t\t\t\tdata-frame_999=\"x:left;o:1;e:slow;st:3860;sp:3000;\"\n\t\t\t\t\t\t\t\tstyle=\"z-index:8;\"\n\t\t\t\t\t\t\t><img fetchpriority=\"high\" decoding=\"async\" src=\"\/\/www.menorcayachts.com\/wp-content\/plugins\/revslider\/sr6\/assets\/assets\/dummy.png\" alt=\"\" class=\"tp-rs-img rs-lazyload\" width=\"2000\" height=\"509\" data-lazyload=\"\/\/www.menorcayachts.com\/wp-content\/uploads\/2022\/03\/boat43.png\" data-no-retina> \n\t\t\t\t\t\t\t<\/rs-layer><!--\n-->\t\t\t\t\t<\/rs-slide>\n\t\t\t\t\t<\/rs-slides>\n\t\t\t\t<\/rs-module>\n\t\t\t\t<script>\n\t\t\t\t\tsetREVStartSize({c: 'rev_slider_6_1',rl:[1240,1240,1240,480],el:[600,600,600,720],gw:[1240,1240,1240,480],gh:[600,600,600,720],type:'standard',justify:'',layout:'fullwidth',mh:\"0\"});if (window.RS_MODULES!==undefined && window.RS_MODULES.modules!==undefined && window.RS_MODULES.modules[\"revslider61\"]!==undefined) {window.RS_MODULES.modules[\"revslider61\"].once = false;window.revapi6 = undefined;if (window.RS_MODULES.checkMinimal!==undefined) window.RS_MODULES.checkMinimal()}\n\t\t\t\t<\/script>\n\t\t\t<\/rs-module-wrap>\n\t\t\t<!-- END REVOLUTION SLIDER -->\n<\/div>\n\n\t\t\t\t\t\t<\/div>\n\t\t\t\t<\/div>\n\t\t\t\t\t<\/div>\n\t\t<\/div>\n\t\t\t\t\t<\/div>\n\t\t<\/section>\n\t\t\t\t<section class=\"elementor-section elementor-top-section elementor-element elementor-element-4fc303c elementor-section-boxed elementor-section-height-default elementor-section-height-default\" data-id=\"4fc303c\" data-element_type=\"section\" data-e-type=\"section\">\n\t\t\t\t\t\t<div class=\"elementor-container elementor-column-gap-default\">\n\t\t\t\t\t<div class=\"elementor-column elementor-col-100 elementor-top-column elementor-element elementor-element-33d025b\" data-id=\"33d025b\" data-element_type=\"column\" data-e-type=\"column\">\n\t\t\t<div class=\"elementor-widget-wrap elementor-element-populated\">\n\t\t\t\t\t\t<div class=\"elementor-element elementor-element-0778aa8 elementor-widget elementor-widget-spacer\" data-id=\"0778aa8\" data-element_type=\"widget\" data-e-type=\"widget\" data-widget_type=\"spacer.default\">\n\t\t\t\t<div class=\"elementor-widget-container\">\n\t\t\t\t\t\t\t<div class=\"elementor-spacer\">\n\t\t\t<div class=\"elementor-spacer-inner\"><\/div>\n\t\t<\/div>\n\t\t\t\t\t\t<\/div>\n\t\t\t\t<\/div>\n\t\t\t\t\t<\/div>\n\t\t<\/div>\n\t\t\t\t\t<\/div>\n\t\t<\/section>\n\t\t\t\t<\/div>\n\t\t","protected":false},"excerpt":{"rendered":"<p>Previous Next A Menorca Yachts cuidem la teva embarcaci\u00f3 com si fos nostra. La traiem de l&#8217;aigua quan s&#8217;acaba la temporada. La netegem a fons, realitzem una revisi\u00f3 completa i totes les tasques de manteniment necess\u00e0ries abans de deixar-la perfectament coberta i guardada a la nostra nau de Sant Llu\u00eds. La tornem a revisar quan [&hellip;]<\/p>\n","protected":false},"author":3,"featured_media":0,"parent":0,"menu_order":0,"comment_status":"closed","ping_status":"closed","template":"elementor_header_footer","meta":{"site-sidebar-layout":"default","site-content-layout":"default","ast-site-content-layout":"default","site-content-style":"default","site-sidebar-style":"default","ast-global-header-display":"","ast-banner-title-visibility":"","ast-main-header-display":"","ast-hfb-above-header-display":"","ast-hfb-below-header-display":"","ast-hfb-mobile-header-display":"","site-post-title":"","ast-breadcrumbs-content":"","ast-featured-img":"","footer-sml-layout":"","ast-disable-related-posts":"","theme-transparent-header-meta":"","adv-header-id-meta":"","stick-header-meta":"","header-above-stick-meta":"","header-main-stick-meta":"","header-below-stick-meta":"","astra-migrate-meta-layouts":"default","ast-page-background-enabled":"default","ast-page-background-meta":{"desktop":{"background-color":"var(--ast-global-color-4)","background-image":"","background-repeat":"repeat","background-position":"center center","background-size":"auto","background-attachment":"scroll","background-type":"","background-media":"","overlay-type":"","overlay-color":"","overlay-opacity":"","overlay-gradient":""},"tablet":{"background-color":"","background-image":"","background-repeat":"repeat","background-position":"center center","background-size":"auto","background-attachment":"scroll","background-type":"","background-media":"","overlay-type":"","overlay-color":"","overlay-opacity":"","overlay-gradient":""},"mobile":{"background-color":"","background-image":"","background-repeat":"repeat","background-position":"center center","background-size":"auto","background-attachment":"scroll","background-type":"","background-media":"","overlay-type":"","overlay-color":"","overlay-opacity":"","overlay-gradient":""}},"ast-content-background-meta":{"desktop":{"background-color":"var(--ast-global-color-5)","background-image":"","background-repeat":"repeat","background-position":"center center","background-size":"auto","background-attachment":"scroll","background-type":"","background-media":"","overlay-type":"","overlay-color":"","overlay-opacity":"","overlay-gradient":""},"tablet":{"background-color":"var(--ast-global-color-5)","background-image":"","background-repeat":"repeat","background-position":"center center","background-size":"auto","background-attachment":"scroll","background-type":"","background-media":"","overlay-type":"","overlay-color":"","overlay-opacity":"","overlay-gradient":""},"mobile":{"background-color":"var(--ast-global-color-5)","background-image":"","background-repeat":"repeat","background-position":"center center","background-size":"auto","background-attachment":"scroll","background-type":"","background-media":"","overlay-type":"","overlay-color":"","overlay-opacity":"","overlay-gradient":""}},"footnotes":""},"class_list":["post-2309","page","type-page","status-publish","hentry"],"yoast_head":"<!-- This site is optimized with the Yoast SEO plugin v27.4 - https:\/\/yoast.com\/product\/yoast-seo-wordpress\/ -->\n<title>Serveis - Pupilaje, Venta y Mantenimiento de Embarcaciones - Menorca Yachts<\/title>\n<meta name=\"robots\" content=\"index, follow, max-snippet:-1, max-image-preview:large, max-video-preview:-1\" \/>\n<link rel=\"canonical\" href=\"https:\/\/www.menorcayachts.com\/servicios\/\" \/>\n<meta property=\"og:locale\" content=\"ca_ES\" \/>\n<meta property=\"og:type\" content=\"article\" \/>\n<meta property=\"og:title\" content=\"Serveis - Pupilaje, Venta y Mantenimiento de Embarcaciones - Menorca Yachts\" \/>\n<meta property=\"og:description\" content=\"Previous Next A Menorca Yachts cuidem la teva embarcaci\u00f3 com si fos nostra. La traiem de l&#8217;aigua quan s&#8217;acaba la temporada. La netegem a fons, realitzem una revisi\u00f3 completa i totes les tasques de manteniment necess\u00e0ries abans de deixar-la perfectament coberta i guardada a la nostra nau de Sant Llu\u00eds. La tornem a revisar quan [&hellip;]\" \/>\n<meta property=\"og:url\" content=\"https:\/\/www.menorcayachts.com\/servicios\/\" \/>\n<meta property=\"og:site_name\" content=\"Pupilaje, Venta y Mantenimiento de Embarcaciones - Menorca Yachts\" \/>\n<meta property=\"article:modified_time\" content=\"2022-05-30T13:45:43+00:00\" \/>\n<meta property=\"og:image\" content=\"https:\/\/www.menorcayachts.com\/wp-content\/uploads\/2022\/04\/93.jpg\" \/>\n<script type=\"application\/ld+json\" class=\"yoast-schema-graph\">{\"@context\":\"https:\\\/\\\/schema.org\",\"@graph\":[{\"@type\":\"WebPage\",\"@id\":\"https:\\\/\\\/www.menorcayachts.com\\\/servicios\\\/\",\"url\":\"https:\\\/\\\/www.menorcayachts.com\\\/servicios\\\/\",\"name\":\"Serveis - Pupilaje, Venta y Mantenimiento de Embarcaciones - Menorca Yachts\",\"isPartOf\":{\"@id\":\"https:\\\/\\\/www.menorcayachts.com\\\/#website\"},\"primaryImageOfPage\":{\"@id\":\"https:\\\/\\\/www.menorcayachts.com\\\/servicios\\\/#primaryimage\"},\"image\":{\"@id\":\"https:\\\/\\\/www.menorcayachts.com\\\/servicios\\\/#primaryimage\"},\"thumbnailUrl\":\"https:\\\/\\\/www.menorcayachts.com\\\/wp-content\\\/uploads\\\/2022\\\/04\\\/93.jpg\",\"datePublished\":\"2022-04-20T17:08:55+00:00\",\"dateModified\":\"2022-05-30T13:45:43+00:00\",\"breadcrumb\":{\"@id\":\"https:\\\/\\\/www.menorcayachts.com\\\/servicios\\\/#breadcrumb\"},\"inLanguage\":\"ca\",\"potentialAction\":[{\"@type\":\"ReadAction\",\"target\":[\"https:\\\/\\\/www.menorcayachts.com\\\/servicios\\\/\"]}]},{\"@type\":\"ImageObject\",\"inLanguage\":\"ca\",\"@id\":\"https:\\\/\\\/www.menorcayachts.com\\\/servicios\\\/#primaryimage\",\"url\":\"https:\\\/\\\/www.menorcayachts.com\\\/wp-content\\\/uploads\\\/2022\\\/04\\\/93.jpg\",\"contentUrl\":\"https:\\\/\\\/www.menorcayachts.com\\\/wp-content\\\/uploads\\\/2022\\\/04\\\/93.jpg\"},{\"@type\":\"BreadcrumbList\",\"@id\":\"https:\\\/\\\/www.menorcayachts.com\\\/servicios\\\/#breadcrumb\",\"itemListElement\":[{\"@type\":\"ListItem\",\"position\":1,\"name\":\"Portada\",\"item\":\"https:\\\/\\\/www.menorcayachts.com\\\/ca\\\/home\\\/\"},{\"@type\":\"ListItem\",\"position\":2,\"name\":\"Serveis\"}]},{\"@type\":\"WebSite\",\"@id\":\"https:\\\/\\\/www.menorcayachts.com\\\/#website\",\"url\":\"https:\\\/\\\/www.menorcayachts.com\\\/\",\"name\":\"Pupilaje, Venta y Mantenimiento de Embarcaciones - Menorca Yachts\",\"description\":\"Menorca Yachts ofrece servicios de Pupilaje, Venta y Mantenimiento de Embarcaciones a un grupo reducido de 30 clientes desde Menorca.\",\"publisher\":{\"@id\":\"https:\\\/\\\/www.menorcayachts.com\\\/#organization\"},\"potentialAction\":[{\"@type\":\"SearchAction\",\"target\":{\"@type\":\"EntryPoint\",\"urlTemplate\":\"https:\\\/\\\/www.menorcayachts.com\\\/?s={search_term_string}\"},\"query-input\":{\"@type\":\"PropertyValueSpecification\",\"valueRequired\":true,\"valueName\":\"search_term_string\"}}],\"inLanguage\":\"ca\"},{\"@type\":\"Organization\",\"@id\":\"https:\\\/\\\/www.menorcayachts.com\\\/#organization\",\"name\":\"Menorca Yachts\",\"url\":\"https:\\\/\\\/www.menorcayachts.com\\\/\",\"logo\":{\"@type\":\"ImageObject\",\"inLanguage\":\"ca\",\"@id\":\"https:\\\/\\\/www.menorcayachts.com\\\/#\\\/schema\\\/logo\\\/image\\\/\",\"url\":\"https:\\\/\\\/www.menorcayachts.com\\\/wp-content\\\/uploads\\\/2022\\\/02\\\/logo-1.png\",\"contentUrl\":\"https:\\\/\\\/www.menorcayachts.com\\\/wp-content\\\/uploads\\\/2022\\\/02\\\/logo-1.png\",\"width\":600,\"height\":219,\"caption\":\"Menorca Yachts\"},\"image\":{\"@id\":\"https:\\\/\\\/www.menorcayachts.com\\\/#\\\/schema\\\/logo\\\/image\\\/\"}}]}<\/script>\n<!-- \/ Yoast SEO plugin. -->","yoast_head_json":{"title":"Serveis - Pupilaje, Venta y Mantenimiento de Embarcaciones - Menorca Yachts","robots":{"index":"index","follow":"follow","max-snippet":"max-snippet:-1","max-image-preview":"max-image-preview:large","max-video-preview":"max-video-preview:-1"},"canonical":"https:\/\/www.menorcayachts.com\/servicios\/","og_locale":"ca_ES","og_type":"article","og_title":"Serveis - Pupilaje, Venta y Mantenimiento de Embarcaciones - Menorca Yachts","og_description":"Previous Next A Menorca Yachts cuidem la teva embarcaci\u00f3 com si fos nostra. La traiem de l&#8217;aigua quan s&#8217;acaba la temporada. La netegem a fons, realitzem una revisi\u00f3 completa i totes les tasques de manteniment necess\u00e0ries abans de deixar-la perfectament coberta i guardada a la nostra nau de Sant Llu\u00eds. La tornem a revisar quan [&hellip;]","og_url":"https:\/\/www.menorcayachts.com\/servicios\/","og_site_name":"Pupilaje, Venta y Mantenimiento de Embarcaciones - Menorca Yachts","article_modified_time":"2022-05-30T13:45:43+00:00","og_image":[{"url":"https:\/\/www.menorcayachts.com\/wp-content\/uploads\/2022\/04\/93.jpg","type":"","width":"","height":""}],"schema":{"@context":"https:\/\/schema.org","@graph":[{"@type":"WebPage","@id":"https:\/\/www.menorcayachts.com\/servicios\/","url":"https:\/\/www.menorcayachts.com\/servicios\/","name":"Serveis - Pupilaje, Venta y Mantenimiento de Embarcaciones - Menorca Yachts","isPartOf":{"@id":"https:\/\/www.menorcayachts.com\/#website"},"primaryImageOfPage":{"@id":"https:\/\/www.menorcayachts.com\/servicios\/#primaryimage"},"image":{"@id":"https:\/\/www.menorcayachts.com\/servicios\/#primaryimage"},"thumbnailUrl":"https:\/\/www.menorcayachts.com\/wp-content\/uploads\/2022\/04\/93.jpg","datePublished":"2022-04-20T17:08:55+00:00","dateModified":"2022-05-30T13:45:43+00:00","breadcrumb":{"@id":"https:\/\/www.menorcayachts.com\/servicios\/#breadcrumb"},"inLanguage":"ca","potentialAction":[{"@type":"ReadAction","target":["https:\/\/www.menorcayachts.com\/servicios\/"]}]},{"@type":"ImageObject","inLanguage":"ca","@id":"https:\/\/www.menorcayachts.com\/servicios\/#primaryimage","url":"https:\/\/www.menorcayachts.com\/wp-content\/uploads\/2022\/04\/93.jpg","contentUrl":"https:\/\/www.menorcayachts.com\/wp-content\/uploads\/2022\/04\/93.jpg"},{"@type":"BreadcrumbList","@id":"https:\/\/www.menorcayachts.com\/servicios\/#breadcrumb","itemListElement":[{"@type":"ListItem","position":1,"name":"Portada","item":"https:\/\/www.menorcayachts.com\/ca\/home\/"},{"@type":"ListItem","position":2,"name":"Serveis"}]},{"@type":"WebSite","@id":"https:\/\/www.menorcayachts.com\/#website","url":"https:\/\/www.menorcayachts.com\/","name":"Pupilaje, Venta y Mantenimiento de Embarcaciones - Menorca Yachts","description":"Menorca Yachts ofrece servicios de Pupilaje, Venta y Mantenimiento de Embarcaciones a un grupo reducido de 30 clientes desde Menorca.","publisher":{"@id":"https:\/\/www.menorcayachts.com\/#organization"},"potentialAction":[{"@type":"SearchAction","target":{"@type":"EntryPoint","urlTemplate":"https:\/\/www.menorcayachts.com\/?s={search_term_string}"},"query-input":{"@type":"PropertyValueSpecification","valueRequired":true,"valueName":"search_term_string"}}],"inLanguage":"ca"},{"@type":"Organization","@id":"https:\/\/www.menorcayachts.com\/#organization","name":"Menorca Yachts","url":"https:\/\/www.menorcayachts.com\/","logo":{"@type":"ImageObject","inLanguage":"ca","@id":"https:\/\/www.menorcayachts.com\/#\/schema\/logo\/image\/","url":"https:\/\/www.menorcayachts.com\/wp-content\/uploads\/2022\/02\/logo-1.png","contentUrl":"https:\/\/www.menorcayachts.com\/wp-content\/uploads\/2022\/02\/logo-1.png","width":600,"height":219,"caption":"Menorca Yachts"},"image":{"@id":"https:\/\/www.menorcayachts.com\/#\/schema\/logo\/image\/"}}]}},"_links":{"self":[{"href":"https:\/\/www.menorcayachts.com\/ca\/wp-json\/wp\/v2\/pages\/2309","targetHints":{"allow":["GET"]}}],"collection":[{"href":"https:\/\/www.menorcayachts.com\/ca\/wp-json\/wp\/v2\/pages"}],"about":[{"href":"https:\/\/www.menorcayachts.com\/ca\/wp-json\/wp\/v2\/types\/page"}],"author":[{"embeddable":true,"href":"https:\/\/www.menorcayachts.com\/ca\/wp-json\/wp\/v2\/users\/3"}],"replies":[{"embeddable":true,"href":"https:\/\/www.menorcayachts.com\/ca\/wp-json\/wp\/v2\/comments?post=2309"}],"version-history":[{"count":0,"href":"https:\/\/www.menorcayachts.com\/ca\/wp-json\/wp\/v2\/pages\/2309\/revisions"}],"wp:attachment":[{"href":"https:\/\/www.menorcayachts.com\/ca\/wp-json\/wp\/v2\/media?parent=2309"}],"curies":[{"name":"wp","href":"https:\/\/api.w.org\/{rel}","templated":true}]}}